{"id":2156,"date":"2022-12-18T08:49:58","date_gmt":"2022-12-18T07:49:58","guid":{"rendered":"https:\/\/astroissy.fr\/?page_id=2156"},"modified":"2023-01-02T11:01:09","modified_gmt":"2023-01-02T10:01:09","slug":"competitions-armes-anciennes","status":"publish","type":"page","link":"https:\/\/astroissy.fr\/index.php\/competitions-armes-anciennes\/","title":{"rendered":"Comp\u00e9titions Armes Anciennes"},"content":{"rendered":"","protected":false},"excerpt":{"rendered":"","protected":false},"author":1,"featured_media":0,"parent":0,"menu_order":0,"comment_status":"closed","ping_status":"closed","template":"","meta":{"footnotes":""},"class_list":["post-2156","page","type-page","status-publish","hentry"],"yoast_head":"<!-- This site is optimized with the Yoast SEO plugin v27.4 - https:\/\/yoast.com\/product\/yoast-seo-wordpress\/ -->\n<title>Comp\u00e9titions Armes Anciennes - AST Roissy<\/title>\n<meta name=\"description\" content=\"Toutes les comp\u00e9titions armes anciennes de notre \u00e9quipe de l&#039;AST Roissy\" \/>\n<meta name=\"robots\" content=\"index, follow, max-snippet:-1, max-image-preview:large, max-video-preview:-1\" \/>\n<link rel=\"canonical\" href=\"https:\/\/astroissy.fr\/index.php\/competitions-armes-anciennes\/\" \/>\n<meta property=\"og:locale\" content=\"fr_FR\" \/>\n<meta property=\"og:type\" content=\"article\" \/>\n<meta property=\"og:title\" content=\"Comp\u00e9titions Armes Anciennes - AST Roissy\" \/>\n<meta property=\"og:description\" content=\"Toutes les comp\u00e9titions armes anciennes de notre \u00e9quipe de l&#039;AST Roissy\" \/>\n<meta property=\"og:url\" content=\"https:\/\/astroissy.fr\/index.php\/competitions-armes-anciennes\/\" \/>\n<meta property=\"og:site_name\" content=\"AST Roissy\" \/>\n<meta property=\"article:modified_time\" content=\"2023-01-02T10:01:09+00:00\" \/>\n<meta name=\"twitter:card\" content=\"summary_large_image\" \/>\n<script type=\"application\/ld+json\" class=\"yoast-schema-graph\">{\"@context\":\"https:\\\/\\\/schema.org\",\"@graph\":[{\"@type\":\"WebPage\",\"@id\":\"https:\\\/\\\/astroissy.fr\\\/index.php\\\/competitions-armes-anciennes\\\/\",\"url\":\"https:\\\/\\\/astroissy.fr\\\/index.php\\\/competitions-armes-anciennes\\\/\",\"name\":\"Comp\u00e9titions Armes Anciennes - AST Roissy\",\"isPartOf\":{\"@id\":\"https:\\\/\\\/astroissy.fr\\\/#website\"},\"datePublished\":\"2022-12-18T07:49:58+00:00\",\"dateModified\":\"2023-01-02T10:01:09+00:00\",\"description\":\"Toutes les comp\u00e9titions armes anciennes de notre \u00e9quipe de l'AST Roissy\",\"breadcrumb\":{\"@id\":\"https:\\\/\\\/astroissy.fr\\\/index.php\\\/competitions-armes-anciennes\\\/#breadcrumb\"},\"inLanguage\":\"fr-FR\",\"potentialAction\":[{\"@type\":\"ReadAction\",\"target\":[\"https:\\\/\\\/astroissy.fr\\\/index.php\\\/competitions-armes-anciennes\\\/\"]}]},{\"@type\":\"BreadcrumbList\",\"@id\":\"https:\\\/\\\/astroissy.fr\\\/index.php\\\/competitions-armes-anciennes\\\/#breadcrumb\",\"itemListElement\":[{\"@type\":\"ListItem\",\"position\":1,\"name\":\"Accueil\",\"item\":\"https:\\\/\\\/astroissy.fr\\\/\"},{\"@type\":\"ListItem\",\"position\":2,\"name\":\"Comp\u00e9titions Armes Anciennes\"}]},{\"@type\":\"WebSite\",\"@id\":\"https:\\\/\\\/astroissy.fr\\\/#website\",\"url\":\"https:\\\/\\\/astroissy.fr\\\/\",\"name\":\"AST Roissy\",\"description\":\"Tir de Comp\u00e9tition, Loisir, Ecole de Tir enfants\",\"publisher\":{\"@id\":\"https:\\\/\\\/astroissy.fr\\\/#organization\"},\"potentialAction\":[{\"@type\":\"SearchAction\",\"target\":{\"@type\":\"EntryPoint\",\"urlTemplate\":\"https:\\\/\\\/astroissy.fr\\\/?s={search_term_string}\"},\"query-input\":{\"@type\":\"PropertyValueSpecification\",\"valueRequired\":true,\"valueName\":\"search_term_string\"}}],\"inLanguage\":\"fr-FR\"},{\"@type\":\"Organization\",\"@id\":\"https:\\\/\\\/astroissy.fr\\\/#organization\",\"name\":\"Association Sportive de Tir de Roissy en France\",\"url\":\"https:\\\/\\\/astroissy.fr\\\/\",\"logo\":{\"@type\":\"ImageObject\",\"inLanguage\":\"fr-FR\",\"@id\":\"https:\\\/\\\/astroissy.fr\\\/#\\\/schema\\\/logo\\\/image\\\/\",\"url\":\"https:\\\/\\\/astroissy.fr\\\/wp-content\\\/uploads\\\/2018\\\/05\\\/cropped-Logo251x300-e1525167134668.jpg\",\"contentUrl\":\"https:\\\/\\\/astroissy.fr\\\/wp-content\\\/uploads\\\/2018\\\/05\\\/cropped-Logo251x300-e1525167134668.jpg\",\"width\":512,\"height\":512,\"caption\":\"Association Sportive de Tir de Roissy en France\"},\"image\":{\"@id\":\"https:\\\/\\\/astroissy.fr\\\/#\\\/schema\\\/logo\\\/image\\\/\"}}]}<\/script>\n<!-- \/ Yoast SEO plugin. -->","yoast_head_json":{"title":"Comp\u00e9titions Armes Anciennes - AST Roissy","description":"Toutes les comp\u00e9titions armes anciennes de notre \u00e9quipe de l'AST Roissy","robots":{"index":"index","follow":"follow","max-snippet":"max-snippet:-1","max-image-preview":"max-image-preview:large","max-video-preview":"max-video-preview:-1"},"canonical":"https:\/\/astroissy.fr\/index.php\/competitions-armes-anciennes\/","og_locale":"fr_FR","og_type":"article","og_title":"Comp\u00e9titions Armes Anciennes - AST Roissy","og_description":"Toutes les comp\u00e9titions armes anciennes de notre \u00e9quipe de l'AST Roissy","og_url":"https:\/\/astroissy.fr\/index.php\/competitions-armes-anciennes\/","og_site_name":"AST Roissy","article_modified_time":"2023-01-02T10:01:09+00:00","twitter_card":"summary_large_image","schema":{"@context":"https:\/\/schema.org","@graph":[{"@type":"WebPage","@id":"https:\/\/astroissy.fr\/index.php\/competitions-armes-anciennes\/","url":"https:\/\/astroissy.fr\/index.php\/competitions-armes-anciennes\/","name":"Comp\u00e9titions Armes Anciennes - AST Roissy","isPartOf":{"@id":"https:\/\/astroissy.fr\/#website"},"datePublished":"2022-12-18T07:49:58+00:00","dateModified":"2023-01-02T10:01:09+00:00","description":"Toutes les comp\u00e9titions armes anciennes de notre \u00e9quipe de l'AST Roissy","breadcrumb":{"@id":"https:\/\/astroissy.fr\/index.php\/competitions-armes-anciennes\/#breadcrumb"},"inLanguage":"fr-FR","potentialAction":[{"@type":"ReadAction","target":["https:\/\/astroissy.fr\/index.php\/competitions-armes-anciennes\/"]}]},{"@type":"BreadcrumbList","@id":"https:\/\/astroissy.fr\/index.php\/competitions-armes-anciennes\/#breadcrumb","itemListElement":[{"@type":"ListItem","position":1,"name":"Accueil","item":"https:\/\/astroissy.fr\/"},{"@type":"ListItem","position":2,"name":"Comp\u00e9titions Armes Anciennes"}]},{"@type":"WebSite","@id":"https:\/\/astroissy.fr\/#website","url":"https:\/\/astroissy.fr\/","name":"AST Roissy","description":"Tir de Comp\u00e9tition, Loisir, Ecole de Tir enfants","publisher":{"@id":"https:\/\/astroissy.fr\/#organization"},"potentialAction":[{"@type":"SearchAction","target":{"@type":"EntryPoint","urlTemplate":"https:\/\/astroissy.fr\/?s={search_term_string}"},"query-input":{"@type":"PropertyValueSpecification","valueRequired":true,"valueName":"search_term_string"}}],"inLanguage":"fr-FR"},{"@type":"Organization","@id":"https:\/\/astroissy.fr\/#organization","name":"Association Sportive de Tir de Roissy en France","url":"https:\/\/astroissy.fr\/","logo":{"@type":"ImageObject","inLanguage":"fr-FR","@id":"https:\/\/astroissy.fr\/#\/schema\/logo\/image\/","url":"https:\/\/astroissy.fr\/wp-content\/uploads\/2018\/05\/cropped-Logo251x300-e1525167134668.jpg","contentUrl":"https:\/\/astroissy.fr\/wp-content\/uploads\/2018\/05\/cropped-Logo251x300-e1525167134668.jpg","width":512,"height":512,"caption":"Association Sportive de Tir de Roissy en France"},"image":{"@id":"https:\/\/astroissy.fr\/#\/schema\/logo\/image\/"}}]}},"_links":{"self":[{"href":"https:\/\/astroissy.fr\/index.php\/wp-json\/wp\/v2\/pages\/2156","targetHints":{"allow":["GET"]}}],"collection":[{"href":"https:\/\/astroissy.fr\/index.php\/wp-json\/wp\/v2\/pages"}],"about":[{"href":"https:\/\/astroissy.fr\/index.php\/wp-json\/wp\/v2\/types\/page"}],"author":[{"embeddable":true,"href":"https:\/\/astroissy.fr\/index.php\/wp-json\/wp\/v2\/users\/1"}],"replies":[{"embeddable":true,"href":"https:\/\/astroissy.fr\/index.php\/wp-json\/wp\/v2\/comments?post=2156"}],"version-history":[{"count":1,"href":"https:\/\/astroissy.fr\/index.php\/wp-json\/wp\/v2\/pages\/2156\/revisions"}],"predecessor-version":[{"id":2157,"href":"https:\/\/astroissy.fr\/index.php\/wp-json\/wp\/v2\/pages\/2156\/revisions\/2157"}],"wp:attachment":[{"href":"https:\/\/astroissy.fr\/index.php\/wp-json\/wp\/v2\/media?parent=2156"}],"curies":[{"name":"wp","href":"https:\/\/api.w.org\/{rel}","templated":true}]}}