{"id":72,"date":"2018-05-10T16:31:15","date_gmt":"2018-05-10T14:31:15","guid":{"rendered":"https:\/\/astroissy.fr\/?page_id=72"},"modified":"2023-01-12T23:36:27","modified_gmt":"2023-01-12T22:36:27","slug":"ecole-de-tir-enfants","status":"publish","type":"page","link":"https:\/\/astroissy.fr\/index.php\/ecole-de-tir-enfants\/","title":{"rendered":"\u00c9cole de Tir Enfants"},"content":{"rendered":"","protected":false},"excerpt":{"rendered":"","protected":false},"author":1,"featured_media":2360,"parent":0,"menu_order":3,"comment_status":"closed","ping_status":"closed","template":"","meta":{"footnotes":""},"class_list":["post-72","page","type-page","status-publish","has-post-thumbnail","hentry"],"yoast_head":"<!-- This site is optimized with the Yoast SEO plugin v27.1.1 - https:\/\/yoast.com\/product\/yoast-seo-wordpress\/ -->\n<title>\u00c9cole de Tir Enfants - AST Roissy<\/title>\n<meta name=\"description\" content=\"L\u2019\u00e9cole de tir enfant de l&#039;AST RoissyElle accueille les enfants \u00e0 partir de 8 ans tous les mercredis hors p\u00e9riode scolaire de 17h30 \u00e0 19h.\" \/>\n<meta name=\"robots\" content=\"index, follow, max-snippet:-1, max-image-preview:large, max-video-preview:-1\" \/>\n<link rel=\"canonical\" href=\"https:\/\/astroissy.fr\/index.php\/ecole-de-tir-enfants\/\" \/>\n<meta property=\"og:locale\" content=\"fr_FR\" \/>\n<meta property=\"og:type\" content=\"article\" \/>\n<meta property=\"og:title\" content=\"\u00c9cole de Tir Enfants - AST Roissy\" \/>\n<meta property=\"og:description\" content=\"L\u2019\u00e9cole de tir enfant de l&#039;AST RoissyElle accueille les enfants \u00e0 partir de 8 ans tous les mercredis hors p\u00e9riode scolaire de 17h30 \u00e0 19h.\" \/>\n<meta property=\"og:url\" content=\"https:\/\/astroissy.fr\/index.php\/ecole-de-tir-enfants\/\" \/>\n<meta property=\"og:site_name\" content=\"AST Roissy\" \/>\n<meta property=\"article:modified_time\" content=\"2023-01-12T22:36:27+00:00\" \/>\n<meta property=\"og:image\" content=\"https:\/\/astroissy.fr\/wp-content\/uploads\/img_avant_ecole_de_tir_enfants.jpg\" \/>\n\t<meta property=\"og:image:width\" content=\"640\" \/>\n\t<meta property=\"og:image:height\" content=\"480\" \/>\n\t<meta property=\"og:image:type\" content=\"image\/jpeg\" \/>\n<meta name=\"twitter:card\" content=\"summary_large_image\" \/>\n<script type=\"application\/ld+json\" class=\"yoast-schema-graph\">{\"@context\":\"https:\/\/schema.org\",\"@graph\":[{\"@type\":\"WebPage\",\"@id\":\"https:\/\/astroissy.fr\/index.php\/ecole-de-tir-enfants\/\",\"url\":\"https:\/\/astroissy.fr\/index.php\/ecole-de-tir-enfants\/\",\"name\":\"\u00c9cole de Tir Enfants - AST Roissy\",\"isPartOf\":{\"@id\":\"https:\/\/astroissy.fr\/#website\"},\"primaryImageOfPage\":{\"@id\":\"https:\/\/astroissy.fr\/index.php\/ecole-de-tir-enfants\/#primaryimage\"},\"image\":{\"@id\":\"https:\/\/astroissy.fr\/index.php\/ecole-de-tir-enfants\/#primaryimage\"},\"thumbnailUrl\":\"https:\/\/astroissy.fr\/wp-content\/uploads\/img_avant_ecole_de_tir_enfants.jpg\",\"datePublished\":\"2018-05-10T14:31:15+00:00\",\"dateModified\":\"2023-01-12T22:36:27+00:00\",\"description\":\"L\u2019\u00e9cole de tir enfant de l'AST RoissyElle accueille les enfants \u00e0 partir de 8 ans tous les mercredis hors p\u00e9riode scolaire de 17h30 \u00e0 19h.\",\"breadcrumb\":{\"@id\":\"https:\/\/astroissy.fr\/index.php\/ecole-de-tir-enfants\/#breadcrumb\"},\"inLanguage\":\"fr-FR\",\"potentialAction\":[{\"@type\":\"ReadAction\",\"target\":[\"https:\/\/astroissy.fr\/index.php\/ecole-de-tir-enfants\/\"]}]},{\"@type\":\"ImageObject\",\"inLanguage\":\"fr-FR\",\"@id\":\"https:\/\/astroissy.fr\/index.php\/ecole-de-tir-enfants\/#primaryimage\",\"url\":\"https:\/\/astroissy.fr\/wp-content\/uploads\/img_avant_ecole_de_tir_enfants.jpg\",\"contentUrl\":\"https:\/\/astroissy.fr\/wp-content\/uploads\/img_avant_ecole_de_tir_enfants.jpg\",\"width\":640,\"height\":480},{\"@type\":\"BreadcrumbList\",\"@id\":\"https:\/\/astroissy.fr\/index.php\/ecole-de-tir-enfants\/#breadcrumb\",\"itemListElement\":[{\"@type\":\"ListItem\",\"position\":1,\"name\":\"Accueil\",\"item\":\"https:\/\/astroissy.fr\/\"},{\"@type\":\"ListItem\",\"position\":2,\"name\":\"\u00c9cole de Tir Enfants\"}]},{\"@type\":\"WebSite\",\"@id\":\"https:\/\/astroissy.fr\/#website\",\"url\":\"https:\/\/astroissy.fr\/\",\"name\":\"AST Roissy\",\"description\":\"Tir de Comp\u00e9tition, Loisir, Ecole de Tir enfants\",\"publisher\":{\"@id\":\"https:\/\/astroissy.fr\/#organization\"},\"potentialAction\":[{\"@type\":\"SearchAction\",\"target\":{\"@type\":\"EntryPoint\",\"urlTemplate\":\"https:\/\/astroissy.fr\/?s={search_term_string}\"},\"query-input\":{\"@type\":\"PropertyValueSpecification\",\"valueRequired\":true,\"valueName\":\"search_term_string\"}}],\"inLanguage\":\"fr-FR\"},{\"@type\":\"Organization\",\"@id\":\"https:\/\/astroissy.fr\/#organization\",\"name\":\"Association Sportive de Tir de Roissy en France\",\"url\":\"https:\/\/astroissy.fr\/\",\"logo\":{\"@type\":\"ImageObject\",\"inLanguage\":\"fr-FR\",\"@id\":\"https:\/\/astroissy.fr\/#\/schema\/logo\/image\/\",\"url\":\"https:\/\/astroissy.fr\/wp-content\/uploads\/2018\/05\/cropped-Logo251x300-e1525167134668.jpg\",\"contentUrl\":\"https:\/\/astroissy.fr\/wp-content\/uploads\/2018\/05\/cropped-Logo251x300-e1525167134668.jpg\",\"width\":512,\"height\":512,\"caption\":\"Association Sportive de Tir de Roissy en France\"},\"image\":{\"@id\":\"https:\/\/astroissy.fr\/#\/schema\/logo\/image\/\"}}]}<\/script>\n<!-- \/ Yoast SEO plugin. -->","yoast_head_json":{"title":"\u00c9cole de Tir Enfants - AST Roissy","description":"L\u2019\u00e9cole de tir enfant de l'AST RoissyElle accueille les enfants \u00e0 partir de 8 ans tous les mercredis hors p\u00e9riode scolaire de 17h30 \u00e0 19h.","robots":{"index":"index","follow":"follow","max-snippet":"max-snippet:-1","max-image-preview":"max-image-preview:large","max-video-preview":"max-video-preview:-1"},"canonical":"https:\/\/astroissy.fr\/index.php\/ecole-de-tir-enfants\/","og_locale":"fr_FR","og_type":"article","og_title":"\u00c9cole de Tir Enfants - AST Roissy","og_description":"L\u2019\u00e9cole de tir enfant de l'AST RoissyElle accueille les enfants \u00e0 partir de 8 ans tous les mercredis hors p\u00e9riode scolaire de 17h30 \u00e0 19h.","og_url":"https:\/\/astroissy.fr\/index.php\/ecole-de-tir-enfants\/","og_site_name":"AST Roissy","article_modified_time":"2023-01-12T22:36:27+00:00","og_image":[{"width":640,"height":480,"url":"https:\/\/astroissy.fr\/wp-content\/uploads\/img_avant_ecole_de_tir_enfants.jpg","type":"image\/jpeg"}],"twitter_card":"summary_large_image","schema":{"@context":"https:\/\/schema.org","@graph":[{"@type":"WebPage","@id":"https:\/\/astroissy.fr\/index.php\/ecole-de-tir-enfants\/","url":"https:\/\/astroissy.fr\/index.php\/ecole-de-tir-enfants\/","name":"\u00c9cole de Tir Enfants - AST Roissy","isPartOf":{"@id":"https:\/\/astroissy.fr\/#website"},"primaryImageOfPage":{"@id":"https:\/\/astroissy.fr\/index.php\/ecole-de-tir-enfants\/#primaryimage"},"image":{"@id":"https:\/\/astroissy.fr\/index.php\/ecole-de-tir-enfants\/#primaryimage"},"thumbnailUrl":"https:\/\/astroissy.fr\/wp-content\/uploads\/img_avant_ecole_de_tir_enfants.jpg","datePublished":"2018-05-10T14:31:15+00:00","dateModified":"2023-01-12T22:36:27+00:00","description":"L\u2019\u00e9cole de tir enfant de l'AST RoissyElle accueille les enfants \u00e0 partir de 8 ans tous les mercredis hors p\u00e9riode scolaire de 17h30 \u00e0 19h.","breadcrumb":{"@id":"https:\/\/astroissy.fr\/index.php\/ecole-de-tir-enfants\/#breadcrumb"},"inLanguage":"fr-FR","potentialAction":[{"@type":"ReadAction","target":["https:\/\/astroissy.fr\/index.php\/ecole-de-tir-enfants\/"]}]},{"@type":"ImageObject","inLanguage":"fr-FR","@id":"https:\/\/astroissy.fr\/index.php\/ecole-de-tir-enfants\/#primaryimage","url":"https:\/\/astroissy.fr\/wp-content\/uploads\/img_avant_ecole_de_tir_enfants.jpg","contentUrl":"https:\/\/astroissy.fr\/wp-content\/uploads\/img_avant_ecole_de_tir_enfants.jpg","width":640,"height":480},{"@type":"BreadcrumbList","@id":"https:\/\/astroissy.fr\/index.php\/ecole-de-tir-enfants\/#breadcrumb","itemListElement":[{"@type":"ListItem","position":1,"name":"Accueil","item":"https:\/\/astroissy.fr\/"},{"@type":"ListItem","position":2,"name":"\u00c9cole de Tir Enfants"}]},{"@type":"WebSite","@id":"https:\/\/astroissy.fr\/#website","url":"https:\/\/astroissy.fr\/","name":"AST Roissy","description":"Tir de Comp\u00e9tition, Loisir, Ecole de Tir enfants","publisher":{"@id":"https:\/\/astroissy.fr\/#organization"},"potentialAction":[{"@type":"SearchAction","target":{"@type":"EntryPoint","urlTemplate":"https:\/\/astroissy.fr\/?s={search_term_string}"},"query-input":{"@type":"PropertyValueSpecification","valueRequired":true,"valueName":"search_term_string"}}],"inLanguage":"fr-FR"},{"@type":"Organization","@id":"https:\/\/astroissy.fr\/#organization","name":"Association Sportive de Tir de Roissy en France","url":"https:\/\/astroissy.fr\/","logo":{"@type":"ImageObject","inLanguage":"fr-FR","@id":"https:\/\/astroissy.fr\/#\/schema\/logo\/image\/","url":"https:\/\/astroissy.fr\/wp-content\/uploads\/2018\/05\/cropped-Logo251x300-e1525167134668.jpg","contentUrl":"https:\/\/astroissy.fr\/wp-content\/uploads\/2018\/05\/cropped-Logo251x300-e1525167134668.jpg","width":512,"height":512,"caption":"Association Sportive de Tir de Roissy en France"},"image":{"@id":"https:\/\/astroissy.fr\/#\/schema\/logo\/image\/"}}]}},"_links":{"self":[{"href":"https:\/\/astroissy.fr\/index.php\/wp-json\/wp\/v2\/pages\/72","targetHints":{"allow":["GET"]}}],"collection":[{"href":"https:\/\/astroissy.fr\/index.php\/wp-json\/wp\/v2\/pages"}],"about":[{"href":"https:\/\/astroissy.fr\/index.php\/wp-json\/wp\/v2\/types\/page"}],"author":[{"embeddable":true,"href":"https:\/\/astroissy.fr\/index.php\/wp-json\/wp\/v2\/users\/1"}],"replies":[{"embeddable":true,"href":"https:\/\/astroissy.fr\/index.php\/wp-json\/wp\/v2\/comments?post=72"}],"version-history":[{"count":13,"href":"https:\/\/astroissy.fr\/index.php\/wp-json\/wp\/v2\/pages\/72\/revisions"}],"predecessor-version":[{"id":2311,"href":"https:\/\/astroissy.fr\/index.php\/wp-json\/wp\/v2\/pages\/72\/revisions\/2311"}],"wp:featuredmedia":[{"embeddable":true,"href":"https:\/\/astroissy.fr\/index.php\/wp-json\/wp\/v2\/media\/2360"}],"wp:attachment":[{"href":"https:\/\/astroissy.fr\/index.php\/wp-json\/wp\/v2\/media?parent=72"}],"curies":[{"name":"wp","href":"https:\/\/api.w.org\/{rel}","templated":true}]}}